{"id":1714,"date":"2022-05-30T10:10:13","date_gmt":"2022-05-30T10:10:13","guid":{"rendered":"http:\/\/localhost\/tomandco\/?page_id=7"},"modified":"2025-01-23T10:42:25","modified_gmt":"2025-01-23T09:42:25","slug":"happy-pets","status":"publish","type":"page","link":"https:\/\/corporate.tomandco.com\/nl\/happy-pets\/","title":{"rendered":"le <span>bien-\u00eatre<\/span> animal est au c\u0153ur de<br\/> nos pr\u00e9occupations"},"content":{"rendered":"","protected":false},"excerpt":{"rendered":"","protected":false},"author":2,"featured_media":2227,"parent":0,"menu_order":0,"comment_status":"closed","ping_status":"closed","template":"templates\/template-happy-pets.php","meta":{"_acf_changed":false,"footnotes":""},"class_list":["post-1714","page","type-page","status-publish","has-post-thumbnail","hentry"],"acf":[],"yoast_head":"<!-- This site is optimized with the Yoast SEO plugin v27.3 - https:\/\/yoast.com\/product\/yoast-seo-wordpress\/ -->\n<title>le bien-\u00eatre animal est au c\u0153ur de nos pr\u00e9occupations - Corporate TomAndCo<\/title>\n<meta name=\"robots\" content=\"index, follow, max-snippet:-1, max-image-preview:large, max-video-preview:-1\" \/>\n<link rel=\"canonical\" href=\"https:\/\/corporate.tomandco.com\/nl\/happy-pets\/\" \/>\n<meta property=\"og:locale\" content=\"nl_BE\" \/>\n<meta property=\"og:type\" content=\"article\" \/>\n<meta property=\"og:title\" content=\"le bien-\u00eatre animal est au c\u0153ur de nos pr\u00e9occupations - Corporate TomAndCo\" \/>\n<meta property=\"og:url\" content=\"https:\/\/corporate.tomandco.com\/nl\/happy-pets\/\" \/>\n<meta property=\"og:site_name\" content=\"Corporate TomAndCo\" \/>\n<meta property=\"article:publisher\" content=\"https:\/\/www.facebook.com\/tomandco\" \/>\n<meta property=\"article:modified_time\" content=\"2025-01-23T09:42:25+00:00\" \/>\n<meta property=\"og:image\" content=\"https:\/\/corporate.tomandco.com\/wp-content\/uploads\/2022\/08\/happy-pets-visual-01-min-1.png\" \/>\n\t<meta property=\"og:image:width\" content=\"960\" \/>\n\t<meta property=\"og:image:height\" content=\"879\" \/>\n\t<meta property=\"og:image:type\" content=\"image\/png\" \/>\n<meta name=\"twitter:card\" content=\"summary_large_image\" \/>\n<meta name=\"twitter:label1\" content=\"Geschatte leestijd\" \/>\n\t<meta name=\"twitter:data1\" content=\"1 minuut\" \/>\n<script type=\"application\/ld+json\" class=\"yoast-schema-graph\">{\"@context\":\"https:\\\/\\\/schema.org\",\"@graph\":[{\"@type\":\"WebPage\",\"@id\":\"https:\\\/\\\/corporate.tomandco.com\\\/happy-pets\\\/\",\"url\":\"https:\\\/\\\/corporate.tomandco.com\\\/happy-pets\\\/\",\"name\":\"le bien-\u00eatre animal est au c\u0153ur de nos pr\u00e9occupations - Corporate TomAndCo\",\"isPartOf\":{\"@id\":\"https:\\\/\\\/corporate.tomandco.com\\\/#website\"},\"primaryImageOfPage\":{\"@id\":\"https:\\\/\\\/corporate.tomandco.com\\\/happy-pets\\\/#primaryimage\"},\"image\":{\"@id\":\"https:\\\/\\\/corporate.tomandco.com\\\/happy-pets\\\/#primaryimage\"},\"thumbnailUrl\":\"https:\\\/\\\/corporate.tomandco.com\\\/wp-content\\\/uploads\\\/2022\\\/08\\\/happy-pets-visual-01-min-1.png\",\"datePublished\":\"2022-05-30T10:10:13+00:00\",\"dateModified\":\"2025-01-23T09:42:25+00:00\",\"breadcrumb\":{\"@id\":\"https:\\\/\\\/corporate.tomandco.com\\\/happy-pets\\\/#breadcrumb\"},\"inLanguage\":\"nl-BE\",\"potentialAction\":[{\"@type\":\"ReadAction\",\"target\":[\"https:\\\/\\\/corporate.tomandco.com\\\/happy-pets\\\/\"]}]},{\"@type\":\"ImageObject\",\"inLanguage\":\"nl-BE\",\"@id\":\"https:\\\/\\\/corporate.tomandco.com\\\/happy-pets\\\/#primaryimage\",\"url\":\"https:\\\/\\\/corporate.tomandco.com\\\/wp-content\\\/uploads\\\/2022\\\/08\\\/happy-pets-visual-01-min-1.png\",\"contentUrl\":\"https:\\\/\\\/corporate.tomandco.com\\\/wp-content\\\/uploads\\\/2022\\\/08\\\/happy-pets-visual-01-min-1.png\",\"width\":960,\"height\":879},{\"@type\":\"BreadcrumbList\",\"@id\":\"https:\\\/\\\/corporate.tomandco.com\\\/happy-pets\\\/#breadcrumb\",\"itemListElement\":[{\"@type\":\"ListItem\",\"position\":1,\"name\":\"Home\",\"item\":\"https:\\\/\\\/corporate.tomandco.com\\\/\"},{\"@type\":\"ListItem\",\"position\":2,\"name\":\"le bien-\u00eatre animal est au c\u0153ur de nos pr\u00e9occupations\"}]},{\"@type\":\"WebSite\",\"@id\":\"https:\\\/\\\/corporate.tomandco.com\\\/#website\",\"url\":\"https:\\\/\\\/corporate.tomandco.com\\\/\",\"name\":\"Corporate TomAndCo\",\"description\":\"Happy Pets, Happy People, Happy World\u2026 make Happy Work!\",\"publisher\":{\"@id\":\"https:\\\/\\\/corporate.tomandco.com\\\/#organization\"},\"potentialAction\":[{\"@type\":\"SearchAction\",\"target\":{\"@type\":\"EntryPoint\",\"urlTemplate\":\"https:\\\/\\\/corporate.tomandco.com\\\/?s={search_term_string}\"},\"query-input\":{\"@type\":\"PropertyValueSpecification\",\"valueRequired\":true,\"valueName\":\"search_term_string\"}}],\"inLanguage\":\"nl-BE\"},{\"@type\":\"Organization\",\"@id\":\"https:\\\/\\\/corporate.tomandco.com\\\/#organization\",\"name\":\"Tom&Co\",\"url\":\"https:\\\/\\\/corporate.tomandco.com\\\/\",\"logo\":{\"@type\":\"ImageObject\",\"inLanguage\":\"nl-BE\",\"@id\":\"https:\\\/\\\/corporate.tomandco.com\\\/#\\\/schema\\\/logo\\\/image\\\/\",\"url\":\"https:\\\/\\\/corporate.tomandco.com\\\/wp-content\\\/uploads\\\/2022\\\/06\\\/history-2012.jpg\",\"contentUrl\":\"https:\\\/\\\/corporate.tomandco.com\\\/wp-content\\\/uploads\\\/2022\\\/06\\\/history-2012.jpg\",\"width\":490,\"height\":490,\"caption\":\"Tom&Co\"},\"image\":{\"@id\":\"https:\\\/\\\/corporate.tomandco.com\\\/#\\\/schema\\\/logo\\\/image\\\/\"},\"sameAs\":[\"https:\\\/\\\/www.facebook.com\\\/tomandco\",\"https:\\\/\\\/www.instagram.com\\\/tomandcobelgium\\\/\"]}]}<\/script>\n<!-- \/ Yoast SEO plugin. -->","yoast_head_json":{"title":"le bien-\u00eatre animal est au c\u0153ur de nos pr\u00e9occupations - Corporate TomAndCo","robots":{"index":"index","follow":"follow","max-snippet":"max-snippet:-1","max-image-preview":"max-image-preview:large","max-video-preview":"max-video-preview:-1"},"canonical":"https:\/\/corporate.tomandco.com\/nl\/happy-pets\/","og_locale":"nl_BE","og_type":"article","og_title":"le bien-\u00eatre animal est au c\u0153ur de nos pr\u00e9occupations - Corporate TomAndCo","og_url":"https:\/\/corporate.tomandco.com\/nl\/happy-pets\/","og_site_name":"Corporate TomAndCo","article_publisher":"https:\/\/www.facebook.com\/tomandco","article_modified_time":"2025-01-23T09:42:25+00:00","og_image":[{"width":960,"height":879,"url":"https:\/\/corporate.tomandco.com\/wp-content\/uploads\/2022\/08\/happy-pets-visual-01-min-1.png","type":"image\/png"}],"twitter_card":"summary_large_image","twitter_misc":{"Geschatte leestijd":"1 minuut"},"schema":{"@context":"https:\/\/schema.org","@graph":[{"@type":"WebPage","@id":"https:\/\/corporate.tomandco.com\/happy-pets\/","url":"https:\/\/corporate.tomandco.com\/happy-pets\/","name":"le bien-\u00eatre animal est au c\u0153ur de nos pr\u00e9occupations - Corporate TomAndCo","isPartOf":{"@id":"https:\/\/corporate.tomandco.com\/#website"},"primaryImageOfPage":{"@id":"https:\/\/corporate.tomandco.com\/happy-pets\/#primaryimage"},"image":{"@id":"https:\/\/corporate.tomandco.com\/happy-pets\/#primaryimage"},"thumbnailUrl":"https:\/\/corporate.tomandco.com\/wp-content\/uploads\/2022\/08\/happy-pets-visual-01-min-1.png","datePublished":"2022-05-30T10:10:13+00:00","dateModified":"2025-01-23T09:42:25+00:00","breadcrumb":{"@id":"https:\/\/corporate.tomandco.com\/happy-pets\/#breadcrumb"},"inLanguage":"nl-BE","potentialAction":[{"@type":"ReadAction","target":["https:\/\/corporate.tomandco.com\/happy-pets\/"]}]},{"@type":"ImageObject","inLanguage":"nl-BE","@id":"https:\/\/corporate.tomandco.com\/happy-pets\/#primaryimage","url":"https:\/\/corporate.tomandco.com\/wp-content\/uploads\/2022\/08\/happy-pets-visual-01-min-1.png","contentUrl":"https:\/\/corporate.tomandco.com\/wp-content\/uploads\/2022\/08\/happy-pets-visual-01-min-1.png","width":960,"height":879},{"@type":"BreadcrumbList","@id":"https:\/\/corporate.tomandco.com\/happy-pets\/#breadcrumb","itemListElement":[{"@type":"ListItem","position":1,"name":"Home","item":"https:\/\/corporate.tomandco.com\/"},{"@type":"ListItem","position":2,"name":"le bien-\u00eatre animal est au c\u0153ur de nos pr\u00e9occupations"}]},{"@type":"WebSite","@id":"https:\/\/corporate.tomandco.com\/#website","url":"https:\/\/corporate.tomandco.com\/","name":"Corporate TomAndCo","description":"Happy Pets, Happy People, Happy World\u2026 make Happy Work!","publisher":{"@id":"https:\/\/corporate.tomandco.com\/#organization"},"potentialAction":[{"@type":"SearchAction","target":{"@type":"EntryPoint","urlTemplate":"https:\/\/corporate.tomandco.com\/?s={search_term_string}"},"query-input":{"@type":"PropertyValueSpecification","valueRequired":true,"valueName":"search_term_string"}}],"inLanguage":"nl-BE"},{"@type":"Organization","@id":"https:\/\/corporate.tomandco.com\/#organization","name":"Tom&Co","url":"https:\/\/corporate.tomandco.com\/","logo":{"@type":"ImageObject","inLanguage":"nl-BE","@id":"https:\/\/corporate.tomandco.com\/#\/schema\/logo\/image\/","url":"https:\/\/corporate.tomandco.com\/wp-content\/uploads\/2022\/06\/history-2012.jpg","contentUrl":"https:\/\/corporate.tomandco.com\/wp-content\/uploads\/2022\/06\/history-2012.jpg","width":490,"height":490,"caption":"Tom&Co"},"image":{"@id":"https:\/\/corporate.tomandco.com\/#\/schema\/logo\/image\/"},"sameAs":["https:\/\/www.facebook.com\/tomandco","https:\/\/www.instagram.com\/tomandcobelgium\/"]}]}},"_links":{"self":[{"href":"https:\/\/corporate.tomandco.com\/nl\/wp-json\/wp\/v2\/pages\/1714","targetHints":{"allow":["GET"]}}],"collection":[{"href":"https:\/\/corporate.tomandco.com\/nl\/wp-json\/wp\/v2\/pages"}],"about":[{"href":"https:\/\/corporate.tomandco.com\/nl\/wp-json\/wp\/v2\/types\/page"}],"author":[{"embeddable":true,"href":"https:\/\/corporate.tomandco.com\/nl\/wp-json\/wp\/v2\/users\/2"}],"replies":[{"embeddable":true,"href":"https:\/\/corporate.tomandco.com\/nl\/wp-json\/wp\/v2\/comments?post=1714"}],"version-history":[{"count":1,"href":"https:\/\/corporate.tomandco.com\/nl\/wp-json\/wp\/v2\/pages\/1714\/revisions"}],"predecessor-version":[{"id":9165,"href":"https:\/\/corporate.tomandco.com\/nl\/wp-json\/wp\/v2\/pages\/1714\/revisions\/9165"}],"wp:featuredmedia":[{"embeddable":true,"href":"https:\/\/corporate.tomandco.com\/nl\/wp-json\/wp\/v2\/media\/2227"}],"wp:attachment":[{"href":"https:\/\/corporate.tomandco.com\/nl\/wp-json\/wp\/v2\/media?parent=1714"}],"curies":[{"name":"wp","href":"https:\/\/api.w.org\/{rel}","templated":true}]}}